{"id":1099,"date":"2018-05-23T12:41:35","date_gmt":"2018-05-23T10:41:35","guid":{"rendered":"https:\/\/topfly-aero.com\/?page_id=1099"},"modified":"2018-05-23T12:43:22","modified_gmt":"2018-05-23T10:43:22","slug":"photos-2","status":"publish","type":"page","link":"https:\/\/topfly-aero.com\/index.php\/photos-2\/","title":{"rendered":"Photos"},"content":{"rendered":"<p>[et_pb_section bb_built=\u00a0\u00bb1&Prime;][et_pb_row][et_pb_column type=\u00a0\u00bb4_4&Prime;][et_pb_text _builder_version=\u00a0\u00bb3.3.1&Prime;]<\/p>\n<p>The pictures are the property of their author and cannot be used for any purpose without a written agreement. Contact the webmaster of TopFly who will coordinate.<\/p>\n<p>[\/et_pb_text][\/et_pb_column][\/et_pb_row][et_pb_row][et_pb_column type=\u00a0\u00bb1_3&Prime;][et_pb_text _builder_version=\u00a0\u00bb3.3.1&Prime;]<\/p>\n<p>Gilbert Bouteiller<br \/>\nClaudio Cavolla<br \/>\nJean-Yves Cl\u00e9ment<br \/>\nJean-Marie Cl\u00e9ment<br \/>\nHerv\u00e9 Delort<br \/>\nPierre-Alain Desmeules<br \/>\nMichel Fache<br \/>\nPascal Fua<br \/>\nDagfin Gangsass<br \/>\nJeanne Gianti<br \/>\nAlain Girardet<\/p>\n<p>[\/et_pb_text][\/et_pb_column][et_pb_column type=\u00a0\u00bb1_3&Prime;][et_pb_text _builder_version=\u00a0\u00bb3.3.1&Prime;]<\/p>\n<p>Jean-Patrick Guillaud<br \/>\nAndrej Kolar<br \/>\nPlaton Koptilov<br \/>\nPierre Lang<br \/>\nVivian Laperri\u00e8re<br \/>\nJeff Lehalle<br \/>\nNatalie Luebben<br \/>\nJean-Marie Malige<br \/>\nPhilippe Martin<br \/>\nPaul Mazars<br \/>\nJean-Yves Millasseau<\/p>\n<p>[\/et_pb_text][\/et_pb_column][et_pb_column type=\u00a0\u00bb1_3&Prime;][et_pb_text _builder_version=\u00a0\u00bb3.3.1&Prime;]<\/p>\n<p>Fabrice Papazian<br \/>\nFabrice P\u00e9rocheau<br \/>\nPhilippe Progin<br \/>\nJo\u00ebl Roguez<br \/>\nLucien Russ<br \/>\nMichael Stieber<br \/>\nDiego Volpi<br \/>\nPatrick Xans<br \/>\nPhotot\u00e8que Club Planeadores Bariloche<\/p>\n<p>[\/et_pb_text][\/et_pb_column][\/et_pb_row][\/et_pb_section]<\/p>\n","protected":false},"excerpt":{"rendered":"<p><div class=\"et_pb_row et_pb_row_0 et_pb_row_empty\">\n\t\t\t\t\n\t\t\t\t\n\t\t\t\t\n\t\t\t\t\n\t\t\t\t\n\t\t\t<\/div> The pictures are the property of their author and cannot be used for any purpose without a written agreement. Contact the webmaster of TopFly who will coordinate. <div class=\"et_pb_row et_pb_row_1 et_pb_row_empty\">\n\t\t\t\t\n\t\t\t\t\n\t\t\t\t\n\t\t\t\t\n\t\t\t\t\n\t\t\t<\/div> Gilbert Bouteiller Claudio Cavolla Jean-Yves Cl\u00e9ment Jean-Marie Cl\u00e9ment Herv\u00e9 Delort Pierre-Alain Desmeules Michel Fache Pascal Fua Dagfin Gangsass Jeanne Gianti Alain Girardet Jean-Patrick Guillaud Andrej Kolar [&hellip;]<\/p>\n","protected":false},"author":2,"featured_media":0,"parent":0,"menu_order":0,"comment_status":"closed","ping_status":"closed","template":"","meta":{"_et_pb_use_builder":"on","_et_pb_old_content":"","_et_gb_content_width":"","footnotes":""},"class_list":["post-1099","page","type-page","status-publish","hentry"],"_links":{"self":[{"href":"https:\/\/topfly-aero.com\/index.php\/wp-json\/wp\/v2\/pages\/1099","targetHints":{"allow":["GET"]}}],"collection":[{"href":"https:\/\/topfly-aero.com\/index.php\/wp-json\/wp\/v2\/pages"}],"about":[{"href":"https:\/\/topfly-aero.com\/index.php\/wp-json\/wp\/v2\/types\/page"}],"author":[{"embeddable":true,"href":"https:\/\/topfly-aero.com\/index.php\/wp-json\/wp\/v2\/users\/2"}],"replies":[{"embeddable":true,"href":"https:\/\/topfly-aero.com\/index.php\/wp-json\/wp\/v2\/comments?post=1099"}],"version-history":[{"count":4,"href":"https:\/\/topfly-aero.com\/index.php\/wp-json\/wp\/v2\/pages\/1099\/revisions"}],"predecessor-version":[{"id":1103,"href":"https:\/\/topfly-aero.com\/index.php\/wp-json\/wp\/v2\/pages\/1099\/revisions\/1103"}],"wp:attachment":[{"href":"https:\/\/topfly-aero.com\/index.php\/wp-json\/wp\/v2\/media?parent=1099"}],"curies":[{"name":"wp","href":"https:\/\/api.w.org\/{rel}","templated":true}]}}