{"id":1109,"date":"2018-05-23T13:01:50","date_gmt":"2018-05-23T11:01:50","guid":{"rendered":"https:\/\/topfly-aero.com\/?page_id=1109"},"modified":"2018-10-04T15:02:20","modified_gmt":"2018-10-04T13:02:20","slug":"links-2","status":"publish","type":"page","link":"https:\/\/topfly-aero.com\/index.php\/fr\/links-2\/","title":{"rendered":"Liens"},"content":{"rendered":"<p>[et_pb_section bb_built=\u00a0\u00bb1&Prime; _builder_version=\u00a0\u00bb3.0.47&Prime;][et_pb_row _builder_version=\u00a0\u00bb3.0.48&Prime; background_size=\u00a0\u00bbinitial\u00a0\u00bb background_position=\u00a0\u00bbtop_left\u00a0\u00bb background_repeat=\u00a0\u00bbrepeat\u00a0\u00bb][et_pb_column type=\u00a0\u00bb4_4&Prime;][et_pb_accordion _builder_version=\u00a0\u00bb3.15&Prime;][et_pb_accordion_item title=\u00a0\u00bbLa m\u00e9t\u00e9o, la base de tout vol\u00a0\u00bb open=\u00a0\u00bboff\u00a0\u00bb _builder_version=\u00a0\u00bb3.15&Prime; title_text_shadow_horizontal_length=\u00a0\u00bb0em\u00a0\u00bb title_text_shadow_vertical_length=\u00a0\u00bb0em\u00a0\u00bb title_text_shadow_blur_strength=\u00a0\u00bb0em\u00a0\u00bb body_text_shadow_horizontal_length=\u00a0\u00bb0em\u00a0\u00bb body_text_shadow_vertical_length=\u00a0\u00bb0em\u00a0\u00bb body_text_shadow_blur_strength=\u00a0\u00bb0em\u00a0\u00bb use_background_color_gradient=\u00a0\u00bboff\u00a0\u00bb background_color_gradient_start=\u00a0\u00bb#2b87da\u00a0\u00bb background_color_gradient_end=\u00a0\u00bb#29c4a9&Prime; background_color_gradient_type=\u00a0\u00bblinear\u00a0\u00bb background_color_gradient_direction=\u00a0\u00bb180deg\u00a0\u00bb background_color_gradient_direction_radial=\u00a0\u00bbcenter\u00a0\u00bb background_color_gradient_start_position=\u00a0\u00bb0%\u00a0\u00bb background_color_gradient_end_position=\u00a0\u00bb100%\u00a0\u00bb background_color_gradient_overlays_image=\u00a0\u00bboff\u00a0\u00bb parallax=\u00a0\u00bboff\u00a0\u00bb parallax_method=\u00a0\u00bbon\u00a0\u00bb background_size=\u00a0\u00bbcover\u00a0\u00bb background_position=\u00a0\u00bbcenter\u00a0\u00bb background_repeat=\u00a0\u00bbno-repeat\u00a0\u00bb background_blend=\u00a0\u00bbnormal\u00a0\u00bb allow_player_pause=\u00a0\u00bboff\u00a0\u00bb background_video_pause_outside_viewport=\u00a0\u00bbon\u00a0\u00bb text_shadow_style=\u00a0\u00bbnone\u00a0\u00bb box_shadow_style=\u00a0\u00bbnone\u00a0\u00bb]<\/p>\n<table width=\"100%\" cellspacing=\"0\" cellpadding=\"0\">\n<tbody>\n<tr>\n<td align=\"center\" valign=\"top\"><span class=\"style1\"><strong>La base de toute pr\u00e9vision<\/strong><\/span>\u00a0&#8211;\u00a0<a href=\"http:\/\/www.wetterzentrale.de\/topkarten\/fsfaxsem.html\" target=\"_blank\" rel=\"noopener\"><span class=\"mini\">http:\/\/www.wetterzentrale.de\/topkarten\/fsfaxsem.html<\/span><\/a><\/td>\n<\/tr>\n<tr>\n<td align=\"center\" valign=\"top\"><span class=\"style1\"><strong>Site de Fran\u00e7ois Hersen<\/strong><\/span>\u00a0&#8211;\u00a0<a href=\"http:\/\/francois.hersen.pagesperso-orange.fr\/BriefingMTO.htm\">http:\/\/francois.hersen.pagesperso-orange.fr\/BriefingMTO.htm<\/a><\/td>\n<\/tr>\n<tr>\n<td align=\"center\" valign=\"top\"><span class=\"style1\"><strong>Site de Denis Flament<\/strong><\/span>\u00a0&#8211;\u00a0<a href=\"http:\/\/meteo.deltafox.net\/\" target=\"_blank\" rel=\"noopener\"><span class=\"mini\">http:\/\/meteo.deltafox.net\/<\/span><\/a><\/td>\n<\/tr>\n<tr>\n<td align=\"center\" valign=\"top\"><span class=\"style1\"><strong>M\u00e9t\u00e9o Suisse<\/strong><\/span>\u00a0&#8211; <a href=\"https:\/\/www.meteoblue.com\/fr\/meteo\/prevision\/semaine\/gap_france_3016702\">https:\/\/www.meteoblue.com\/fr\/meteo\/prevision\/semaine\/gap_france_3016702<\/a><\/td>\n<\/tr>\n<tr>\n<td align=\"center\" valign=\"top\"><span class=\"mini\"><strong>Satellite HD Europe\u00a0Centrale <\/strong>&#8211; <a href=\"https:\/\/fr.sat24.com\/fr\/fr\">https:\/\/fr.sat24.com\/fr\/fr<\/a><\/span><\/td>\n<\/tr>\n<tr>\n<td align=\"center\" valign=\"top\"><\/td>\n<\/tr>\n<tr>\n<td align=\"center\" valign=\"top\"><span class=\"style1\"><strong>Portail Anglais Weather On Line<\/strong><\/span> &#8211;\u00a0<a href=\"http:\/\/www.weatheronline.co.uk\/\">http:\/\/www.weatheronline.co.uk\/<\/a><\/td>\n<\/tr>\n<tr>\n<td align=\"center\" valign=\"top\"><span class=\"style1\"><strong>Bariloche &#8211; M\u00e9t\u00e9o locale<\/strong><\/span>\u00a0&#8211; <a href=\"https:\/\/ssl.smn.gob.ar\/?mod=vueloavela\">https:\/\/ssl.smn.gob.ar\/?mod=vueloavela<\/a><\/td>\n<\/tr>\n<tr>\n<td align=\"center\" valign=\"top\"><\/td>\n<\/tr>\n<\/tbody>\n<\/table>\n<p>&nbsp;<\/p>\n<p>[\/et_pb_accordion_item][et_pb_accordion_item title=\u00a0\u00bbQuelques bonnes revues\u00a0\u00bb open=\u00a0\u00bbon\u00a0\u00bb _builder_version=\u00a0\u00bb3.15&Prime; title_text_shadow_horizontal_length=\u00a0\u00bb0em\u00a0\u00bb title_text_shadow_vertical_length=\u00a0\u00bb0em\u00a0\u00bb title_text_shadow_blur_strength=\u00a0\u00bb0em\u00a0\u00bb body_text_shadow_horizontal_length=\u00a0\u00bb0em\u00a0\u00bb body_text_shadow_vertical_length=\u00a0\u00bb0em\u00a0\u00bb body_text_shadow_blur_strength=\u00a0\u00bb0em\u00a0\u00bb use_background_color_gradient=\u00a0\u00bboff\u00a0\u00bb background_color_gradient_start=\u00a0\u00bb#2b87da\u00a0\u00bb background_color_gradient_end=\u00a0\u00bb#29c4a9&Prime; background_color_gradient_type=\u00a0\u00bblinear\u00a0\u00bb background_color_gradient_direction=\u00a0\u00bb180deg\u00a0\u00bb background_color_gradient_direction_radial=\u00a0\u00bbcenter\u00a0\u00bb background_color_gradient_start_position=\u00a0\u00bb0%\u00a0\u00bb background_color_gradient_end_position=\u00a0\u00bb100%\u00a0\u00bb background_color_gradient_overlays_image=\u00a0\u00bboff\u00a0\u00bb parallax=\u00a0\u00bboff\u00a0\u00bb parallax_method=\u00a0\u00bbon\u00a0\u00bb background_size=\u00a0\u00bbcover\u00a0\u00bb background_position=\u00a0\u00bbcenter\u00a0\u00bb background_repeat=\u00a0\u00bbno-repeat\u00a0\u00bb background_blend=\u00a0\u00bbnormal\u00a0\u00bb allow_player_pause=\u00a0\u00bboff\u00a0\u00bb background_video_pause_outside_viewport=\u00a0\u00bbon\u00a0\u00bb text_shadow_style=\u00a0\u00bbnone\u00a0\u00bb box_shadow_style=\u00a0\u00bbnone\u00a0\u00bb]<\/p>\n<p>&nbsp;<\/p>\n<table width=\"100%\" cellspacing=\"0\" cellpadding=\"0\">\n<tbody>\n<tr>\n<td align=\"center\" valign=\"top\"><strong>Vol \u00e0 Voile FB<\/strong>&#8211; <a href=\"https:\/\/fr-fr.facebook.com\/velivoles\/\">https:\/\/fr-fr.facebook.com\/velivoles\/<\/a><\/td>\n<\/tr>\n<tr>\n<td align=\"center\" valign=\"top\"><strong>Magazine\u00a0Vol \u00e0 Voile<\/strong> &#8211; <a href=\"https:\/\/www.journaux.fr\/vol-a-voile-_avions_auto-moto-transport_169225.html\">https:\/\/www.journaux.fr\/vol-a-voile-_avions_auto-moto-transport_169225.html<\/a><\/td>\n<\/tr>\n<tr>\n<td align=\"center\" valign=\"top\"><span class=\"style1\"><strong>Soaring New Zealand<\/strong><\/span>&#8211;\u00a0<a href=\"http:\/\/gliding.co.nz\/\">http:\/\/gliding.co.nz\/<\/a><\/td>\n<\/tr>\n<tr>\n<td align=\"center\" valign=\"top\"><strong>Volo a Vela<\/strong>\u00a0&#8211;\u00a0<a href=\"http:\/\/www.voloavela.it\/\">http:\/\/www.voloavela.it\/<\/a><\/td>\n<\/tr>\n<tr>\n<td align=\"center\" valign=\"top\"><span class=\"style1\"><strong>Sailplane &amp; Gliding<\/strong><\/span>\u00a0&#8211;\u00a0<a href=\"http:\/\/www.gliding.co.uk\/sailplaneandgliding\/news.htm\" target=\"_blank\" rel=\"noopener\"><span class=\"mini\">http:\/\/www.gliding.co.uk\/sailplaneandgliding\/news.htm<\/span><\/a><\/td>\n<\/tr>\n<tr>\n<td align=\"center\" valign=\"top\"><span class=\"style1\"><strong>Aerokurier<\/strong><\/span>\u00a0&#8211;\u00a0<a href=\"https:\/\/www.aerokurier.de\/\">https:\/\/www.aerokurier.de\/<\/a><\/td>\n<\/tr>\n<tr>\n<td align=\"center\" valign=\"top\"><span class=\"style1\"><strong>Soaring Magazine USA<\/strong><\/span> &#8211; <a href=\"http:\/\/www.ssa.org\/magazine\/current.asp\">http:\/\/www.ssa.org\/magazine\/current.asp<\/a><\/td>\n<\/tr>\n<tr>\n<td align=\"center\" valign=\"top\"><span class=\"style1\"><strong>Canada Gliding Magazines<\/strong><\/span>\u00a0&#8211;\u00a0<a href=\"http:\/\/www.sac.ca\/\" target=\"_blank\" rel=\"noopener\"><span class=\"mini\">http:\/\/www.sac.ca\/<\/span><\/a><\/td>\n<\/tr>\n<tr>\n<td align=\"center\" valign=\"top\"><strong>Gliding International<\/strong> &#8211; <a href=\"https:\/\/www.glidinginternational.com\/\">https:\/\/www.glidinginternational.com\/<\/a><\/td>\n<\/tr>\n<\/tbody>\n<\/table>\n<p>[\/et_pb_accordion_item][et_pb_accordion_item title=\u00a0\u00bbLes organisations\u00a0\u00bb open=\u00a0\u00bboff\u00a0\u00bb _builder_version=\u00a0\u00bb3.15&Prime; title_text_shadow_horizontal_length=\u00a0\u00bb0em\u00a0\u00bb title_text_shadow_vertical_length=\u00a0\u00bb0em\u00a0\u00bb title_text_shadow_blur_strength=\u00a0\u00bb0em\u00a0\u00bb body_text_shadow_horizontal_length=\u00a0\u00bb0em\u00a0\u00bb body_text_shadow_vertical_length=\u00a0\u00bb0em\u00a0\u00bb body_text_shadow_blur_strength=\u00a0\u00bb0em\u00a0\u00bb use_background_color_gradient=\u00a0\u00bboff\u00a0\u00bb background_color_gradient_start=\u00a0\u00bb#2b87da\u00a0\u00bb background_color_gradient_end=\u00a0\u00bb#29c4a9&Prime; background_color_gradient_type=\u00a0\u00bblinear\u00a0\u00bb background_color_gradient_direction=\u00a0\u00bb180deg\u00a0\u00bb background_color_gradient_direction_radial=\u00a0\u00bbcenter\u00a0\u00bb background_color_gradient_start_position=\u00a0\u00bb0%\u00a0\u00bb background_color_gradient_end_position=\u00a0\u00bb100%\u00a0\u00bb background_color_gradient_overlays_image=\u00a0\u00bboff\u00a0\u00bb parallax=\u00a0\u00bboff\u00a0\u00bb parallax_method=\u00a0\u00bbon\u00a0\u00bb background_size=\u00a0\u00bbcover\u00a0\u00bb background_position=\u00a0\u00bbcenter\u00a0\u00bb background_repeat=\u00a0\u00bbno-repeat\u00a0\u00bb background_blend=\u00a0\u00bbnormal\u00a0\u00bb allow_player_pause=\u00a0\u00bboff\u00a0\u00bb background_video_pause_outside_viewport=\u00a0\u00bbon\u00a0\u00bb text_shadow_style=\u00a0\u00bbnone\u00a0\u00bb box_shadow_style=\u00a0\u00bbnone\u00a0\u00bb text_shadow_horizontal_length=\u00a0\u00bb0em\u00a0\u00bb text_shadow_vertical_length=\u00a0\u00bb0em\u00a0\u00bb text_shadow_blur_strength=\u00a0\u00bb0em\u00a0\u00bb]<\/p>\n<table width=\"100%\" cellspacing=\"0\" cellpadding=\"0\">\n<tbody>\n<tr>\n<td align=\"center\" valign=\"top\"><span class=\"style1\"><strong>F\u00e9d\u00e9ration A\u00e9ronautique Internationale (FAI) &#8211; Home page<\/strong><\/span>\u00a0&#8211;\u00a0<a href=\"http:\/\/www.fai.org\/\" target=\"_blank\" rel=\"noopener\"><span class=\"mini\">http:\/\/www.fai.org\/<\/span><\/a><\/td>\n<\/tr>\n<tr>\n<td align=\"center\" valign=\"top\"><span class=\"style1\"><strong>F\u00e9d\u00e9ration A\u00e9ronautique Internationale (FAI) &#8211; Records du Monde<\/strong><\/span> &#8211; <a href=\"https:\/\/records.fai.org\/records\">https:\/\/records.fai.org\/records<\/a><\/td>\n<\/tr>\n<tr>\n<td align=\"center\" valign=\"top\"><span class=\"style1\"><strong>F\u00e9d\u00e9ration Fran\u00e7aise de Vol en Planeur<\/strong><\/span> &#8211;\u00a0<a href=\"https:\/\/www.ffvp.fr\/\">https:\/\/www.ffvp.fr\/<\/a><\/td>\n<\/tr>\n<tr>\n<td align=\"center\" valign=\"top\"><span class=\"style1\"><strong>Centre National de Vol \u00e0 Voile<\/strong><\/span>\u00a0&#8211;\u00a0<a href=\"http:\/\/www.cnvv.net\/\" target=\"_blank\" rel=\"noopener\"><span class=\"mini\">http:\/\/www.cnvv.net\/<\/span><\/a><\/td>\n<\/tr>\n<tr>\n<td align=\"center\" valign=\"top\"><span class=\"style1\"><strong>Federaci\u00f3n Argentina de Vuelo a Vela<\/strong><\/span>\u00a0&#8211; <a href=\"http:\/\/www.favav.com.ar\/default.aspx\">http:\/\/www.favav.com.ar\/default.aspx<\/a><\/td>\n<\/tr>\n<tr>\n<td align=\"center\" valign=\"top\"><\/td>\n<\/tr>\n<tr>\n<td align=\"center\" valign=\"top\"><span class=\"style1\"><strong>Repr\u00e9sentation diplomatique et adresses utiles m\u00e9decins, hopitaux, etc..<\/strong><\/span>\u00a0&#8211;\u00a0<a href=\"http:\/\/www.consulfrance-buenos-aires.org\/\" target=\"_blank\" rel=\"noopener\"><span class=\"mini\">http:\/\/www.consulfrance-buenos-aires.org\/<\/span><\/a><\/td>\n<\/tr>\n<\/tbody>\n<\/table>\n<p>[\/et_pb_accordion_item][et_pb_accordion_item title=\u00a0\u00bbLes comp\u00e9titions\u00a0\u00bb open=\u00a0\u00bboff\u00a0\u00bb _builder_version=\u00a0\u00bb3.15&Prime; title_text_shadow_horizontal_length=\u00a0\u00bb0em\u00a0\u00bb title_text_shadow_vertical_length=\u00a0\u00bb0em\u00a0\u00bb title_text_shadow_blur_strength=\u00a0\u00bb0em\u00a0\u00bb body_text_shadow_horizontal_length=\u00a0\u00bb0em\u00a0\u00bb body_text_shadow_vertical_length=\u00a0\u00bb0em\u00a0\u00bb body_text_shadow_blur_strength=\u00a0\u00bb0em\u00a0\u00bb use_background_color_gradient=\u00a0\u00bboff\u00a0\u00bb background_color_gradient_start=\u00a0\u00bb#2b87da\u00a0\u00bb background_color_gradient_end=\u00a0\u00bb#29c4a9&Prime; background_color_gradient_type=\u00a0\u00bblinear\u00a0\u00bb background_color_gradient_direction=\u00a0\u00bb180deg\u00a0\u00bb background_color_gradient_direction_radial=\u00a0\u00bbcenter\u00a0\u00bb background_color_gradient_start_position=\u00a0\u00bb0%\u00a0\u00bb background_color_gradient_end_position=\u00a0\u00bb100%\u00a0\u00bb background_color_gradient_overlays_image=\u00a0\u00bboff\u00a0\u00bb parallax=\u00a0\u00bboff\u00a0\u00bb parallax_method=\u00a0\u00bbon\u00a0\u00bb background_size=\u00a0\u00bbcover\u00a0\u00bb background_position=\u00a0\u00bbcenter\u00a0\u00bb background_repeat=\u00a0\u00bbno-repeat\u00a0\u00bb background_blend=\u00a0\u00bbnormal\u00a0\u00bb allow_player_pause=\u00a0\u00bboff\u00a0\u00bb background_video_pause_outside_viewport=\u00a0\u00bbon\u00a0\u00bb text_shadow_style=\u00a0\u00bbnone\u00a0\u00bb box_shadow_style=\u00a0\u00bbnone\u00a0\u00bb]<\/p>\n<table width=\"100%\" cellspacing=\"0\" cellpadding=\"0\">\n<tbody>\n<tr>\n<td align=\"center\" valign=\"top\"><span class=\"style1\"><strong>OnLine Contest<\/strong><\/span>\u00a0&#8211;\u00a0<a href=\"http:\/\/www.onlinecontest.org\/olc-2.0\/gliding\/index.html?c=C0&amp;sc=&amp;st=olc&amp;rt=olc\" target=\"_blank\" rel=\"noopener\"><span class=\"mini\">http:\/\/www.onlinecontest.org\/olc-2.0\/gliding\/index.html?c=C0&amp;sc=&amp;st=olc&amp;rt=olc<\/span><\/a><\/td>\n<\/tr>\n<tr>\n<td align=\"center\" valign=\"top\"><span class=\"style1\"><strong>Netcoupe<\/strong><\/span>\u00a0&#8211;\u00a0<a href=\"http:\/\/www.netcoupe.net\/main.aspx\" target=\"_blank\" rel=\"noopener\"><span class=\"mini\">http:\/\/www.netcoupe.net\/main.aspx<\/span><\/a><\/td>\n<\/tr>\n<\/tbody>\n<\/table>\n<p>[\/et_pb_accordion_item][et_pb_accordion_item title=\u00a0\u00bbSite internet personnel\u00a0\u00bb open=\u00a0\u00bboff\u00a0\u00bb _builder_version=\u00a0\u00bb3.15&Prime; title_text_shadow_horizontal_length=\u00a0\u00bb0em\u00a0\u00bb title_text_shadow_vertical_length=\u00a0\u00bb0em\u00a0\u00bb title_text_shadow_blur_strength=\u00a0\u00bb0em\u00a0\u00bb body_text_shadow_horizontal_length=\u00a0\u00bb0em\u00a0\u00bb body_text_shadow_vertical_length=\u00a0\u00bb0em\u00a0\u00bb body_text_shadow_blur_strength=\u00a0\u00bb0em\u00a0\u00bb]<\/p>\n<p style=\"text-align: center;\"><span class=\"style1\"><strong>Philippe De Pechy<\/strong><\/span>\u00a0&#8211;\u00a0<a href=\"http:\/\/depechy.free.fr\/\" target=\"_blank\" rel=\"noopener\"><span class=\"mini\">http:\/\/depechy.free.fr\/<\/span><\/a><\/p>\n<p>[\/et_pb_accordion_item][et_pb_accordion_item title=\u00a0\u00bbLes constructeurs\u00a0\u00bb open=\u00a0\u00bboff\u00a0\u00bb _builder_version=\u00a0\u00bb3.15&Prime; title_text_shadow_horizontal_length=\u00a0\u00bb0em\u00a0\u00bb title_text_shadow_vertical_length=\u00a0\u00bb0em\u00a0\u00bb title_text_shadow_blur_strength=\u00a0\u00bb0em\u00a0\u00bb body_text_shadow_horizontal_length=\u00a0\u00bb0em\u00a0\u00bb body_text_shadow_vertical_length=\u00a0\u00bb0em\u00a0\u00bb body_text_shadow_blur_strength=\u00a0\u00bb0em\u00a0\u00bb use_background_color_gradient=\u00a0\u00bboff\u00a0\u00bb background_color_gradient_start=\u00a0\u00bb#2b87da\u00a0\u00bb background_color_gradient_end=\u00a0\u00bb#29c4a9&Prime; background_color_gradient_type=\u00a0\u00bblinear\u00a0\u00bb background_color_gradient_direction=\u00a0\u00bb180deg\u00a0\u00bb background_color_gradient_direction_radial=\u00a0\u00bbcenter\u00a0\u00bb background_color_gradient_start_position=\u00a0\u00bb0%\u00a0\u00bb background_color_gradient_end_position=\u00a0\u00bb100%\u00a0\u00bb background_color_gradient_overlays_image=\u00a0\u00bboff\u00a0\u00bb parallax=\u00a0\u00bboff\u00a0\u00bb parallax_method=\u00a0\u00bbon\u00a0\u00bb background_size=\u00a0\u00bbcover\u00a0\u00bb background_position=\u00a0\u00bbcenter\u00a0\u00bb background_repeat=\u00a0\u00bbno-repeat\u00a0\u00bb background_blend=\u00a0\u00bbnormal\u00a0\u00bb allow_player_pause=\u00a0\u00bboff\u00a0\u00bb background_video_pause_outside_viewport=\u00a0\u00bbon\u00a0\u00bb text_shadow_style=\u00a0\u00bbnone\u00a0\u00bb box_shadow_style=\u00a0\u00bbnone\u00a0\u00bb]<\/p>\n<table style=\"height: 123px;\" width=\"834\" cellspacing=\"0\" cellpadding=\"0\">\n<tbody>\n<tr>\n<td align=\"center\" valign=\"top\"><span class=\"style1\"><strong>Alexander Schleicher<\/strong><\/span>\u00a0&#8211;\u00a0<a href=\"http:\/\/www.alexander-schleicher.de\/\" target=\"_blank\" rel=\"noopener\"><span class=\"mini\">http:\/\/www.alexander-schleicher.de\/<\/span><\/a><\/td>\n<\/tr>\n<tr>\n<td align=\"center\" valign=\"top\"><span class=\"style1\"><strong>DG-Flugzeugbau<\/strong><\/span>\u00a0&#8211;\u00a0<a href=\"http:\/\/www.dg-flugzeugbau.de\/\" target=\"_blank\" rel=\"noopener\"><span class=\"mini\">http:\/\/www.dg-flugzeugbau.de\/<\/span><\/a><\/td>\n<\/tr>\n<tr>\n<td align=\"center\" valign=\"top\"><span class=\"style1\"><strong>Schempp-Hirth Flugzeugbau GmbH<\/strong><\/span>\u00a0&#8211;\u00a0<a href=\"http:\/\/www.schempp-hirth.com\/\" target=\"_blank\" rel=\"noopener\"><span class=\"mini\">http:\/\/www.schempp-hirth.com\/<\/span><\/a><\/td>\n<\/tr>\n<tr>\n<td align=\"center\" valign=\"top\"><strong>Manufacturers&rsquo;s Websites<\/strong>\u00a0&#8211;\u00a0<a href=\"http:\/\/www.sailplanes.com\/sites.htm\">http:\/\/www.sailplanes.com\/sites.htm<\/a><\/td>\n<\/tr>\n<tr>\n<td align=\"center\" valign=\"top\"><strong>Jonkers Sailplanes<\/strong> &#8211; <a href=\"http:\/\/jonkersailplanes.co.za\/\">http:\/\/jonkersailplanes.co.za\/<\/a><\/td>\n<\/tr>\n<\/tbody>\n<\/table>\n<p>[\/et_pb_accordion_item][et_pb_accordion_item title=\u00a0\u00bbLes logiciels d&rsquo;analyse des vols\u00a0\u00bb open=\u00a0\u00bboff\u00a0\u00bb _builder_version=\u00a0\u00bb3.15&Prime; title_text_shadow_horizontal_length=\u00a0\u00bb0em\u00a0\u00bb title_text_shadow_vertical_length=\u00a0\u00bb0em\u00a0\u00bb title_text_shadow_blur_strength=\u00a0\u00bb0em\u00a0\u00bb body_text_shadow_horizontal_length=\u00a0\u00bb0em\u00a0\u00bb body_text_shadow_vertical_length=\u00a0\u00bb0em\u00a0\u00bb body_text_shadow_blur_strength=\u00a0\u00bb0em\u00a0\u00bb use_background_color_gradient=\u00a0\u00bboff\u00a0\u00bb background_color_gradient_start=\u00a0\u00bb#2b87da\u00a0\u00bb background_color_gradient_end=\u00a0\u00bb#29c4a9&Prime; background_color_gradient_type=\u00a0\u00bblinear\u00a0\u00bb background_color_gradient_direction=\u00a0\u00bb180deg\u00a0\u00bb background_color_gradient_direction_radial=\u00a0\u00bbcenter\u00a0\u00bb background_color_gradient_start_position=\u00a0\u00bb0%\u00a0\u00bb background_color_gradient_end_position=\u00a0\u00bb100%\u00a0\u00bb background_color_gradient_overlays_image=\u00a0\u00bboff\u00a0\u00bb parallax=\u00a0\u00bboff\u00a0\u00bb parallax_method=\u00a0\u00bbon\u00a0\u00bb background_size=\u00a0\u00bbcover\u00a0\u00bb background_position=\u00a0\u00bbcenter\u00a0\u00bb background_repeat=\u00a0\u00bbno-repeat\u00a0\u00bb background_blend=\u00a0\u00bbnormal\u00a0\u00bb allow_player_pause=\u00a0\u00bboff\u00a0\u00bb background_video_pause_outside_viewport=\u00a0\u00bbon\u00a0\u00bb text_shadow_style=\u00a0\u00bbnone\u00a0\u00bb box_shadow_style=\u00a0\u00bbnone\u00a0\u00bb]<\/p>\n<table width=\"100%\" cellspacing=\"0\" cellpadding=\"0\">\n<tbody>\n<tr>\n<td align=\"center\" valign=\"top\"><span class=\"style1\"><strong>CouTraCi<\/strong><\/span>\u00a0&#8211;\u00a0<a href=\"http:\/\/perso.wanadoo.fr\/y.ctr\/\" target=\"_blank\" rel=\"noopener\"><span class=\"mini\">http:\/\/perso.wanadoo.fr\/y.ctr\/<\/span><\/a><\/td>\n<\/tr>\n<tr>\n<td align=\"center\" valign=\"top\"><span class=\"style1\"><strong>See You<\/strong><\/span>\u00a0&#8211;\u00a0<a href=\"http:\/\/naviter.si\/index.php?option=com_content&amp;task=view&amp;id=9&amp;Itemid=213\" target=\"_blank\" rel=\"noopener\"><span class=\"mini\">http:\/\/naviter.si\/index.php?option=com_content&amp;task=view&amp;id=9&amp;Itemid=213<\/span><\/a><\/td>\n<\/tr>\n<tr>\n<td align=\"center\" valign=\"top\"><span class=\"style1\"><strong>Zander<\/strong><\/span>\u00a0&#8211;\u00a0<a href=\"http:\/\/www.zander-variometer.de\/\" target=\"_blank\" rel=\"noopener\"><span class=\"mini\">http:\/\/www.zander-variometer.de\/<\/span><\/a><\/td>\n<\/tr>\n<tr>\n<td align=\"center\" valign=\"top\"><strong>Strepla<\/strong>\u00a0&#8211;\u00a0<a href=\"http:\/\/www.strepla.de\/StrePla4\/english\/indexEnglish.html\">http:\/\/www.strepla.de\/StrePla4\/english\/indexEnglish.html<\/a><\/td>\n<\/tr>\n<\/tbody>\n<\/table>\n<p>[\/et_pb_accordion_item][\/et_pb_accordion][\/et_pb_column][\/et_pb_row][\/et_pb_section]<\/p>\n","protected":false},"excerpt":{"rendered":"<p>La base de toute pr\u00e9vision\u00a0&#8211;\u00a0http:\/\/www.wetterzentrale.de\/topkarten\/fsfaxsem.html Site de Fran\u00e7ois Hersen\u00a0&#8211;\u00a0http:\/\/francois.hersen.pagesperso-orange.fr\/BriefingMTO.htm Site de Denis Flament\u00a0&#8211;\u00a0http:\/\/meteo.deltafox.net\/ M\u00e9t\u00e9o Suisse\u00a0&#8211; https:\/\/www.meteoblue.com\/fr\/meteo\/prevision\/semaine\/gap_france_3016702 Satellite HD Europe\u00a0Centrale &#8211; https:\/\/fr.sat24.com\/fr\/fr Portail Anglais Weather On Line &#8211;\u00a0http:\/\/www.weatheronline.co.uk\/ Bariloche &#8211; M\u00e9t\u00e9o locale\u00a0&#8211; https:\/\/ssl.smn.gob.ar\/?mod=vueloavela &nbsp; &nbsp; Vol \u00e0 Voile FB- https:\/\/fr-fr.facebook.com\/velivoles\/ Magazine\u00a0Vol \u00e0 Voile &#8211; https:\/\/www.journaux.fr\/vol-a-voile-_avions_auto-moto-transport_169225.html Soaring New Zealand-\u00a0http:\/\/gliding.co.nz\/ Volo a Vela\u00a0&#8211;\u00a0http:\/\/www.voloavela.it\/ Sailplane &amp; Gliding\u00a0&#8211;\u00a0http:\/\/www.gliding.co.uk\/sailplaneandgliding\/news.htm Aerokurier\u00a0&#8211;\u00a0https:\/\/www.aerokurier.de\/ Soaring [&hellip;]<\/p>\n","protected":false},"author":2,"featured_media":0,"parent":0,"menu_order":0,"comment_status":"closed","ping_status":"closed","template":"","meta":{"_et_pb_use_builder":"on","_et_pb_old_content":"","_et_gb_content_width":"","footnotes":""},"class_list":["post-1109","page","type-page","status-publish","hentry"],"_links":{"self":[{"href":"https:\/\/topfly-aero.com\/index.php\/wp-json\/wp\/v2\/pages\/1109","targetHints":{"allow":["GET"]}}],"collection":[{"href":"https:\/\/topfly-aero.com\/index.php\/wp-json\/wp\/v2\/pages"}],"about":[{"href":"https:\/\/topfly-aero.com\/index.php\/wp-json\/wp\/v2\/types\/page"}],"author":[{"embeddable":true,"href":"https:\/\/topfly-aero.com\/index.php\/wp-json\/wp\/v2\/users\/2"}],"replies":[{"embeddable":true,"href":"https:\/\/topfly-aero.com\/index.php\/wp-json\/wp\/v2\/comments?post=1109"}],"version-history":[{"count":10,"href":"https:\/\/topfly-aero.com\/index.php\/wp-json\/wp\/v2\/pages\/1109\/revisions"}],"predecessor-version":[{"id":3713,"href":"https:\/\/topfly-aero.com\/index.php\/wp-json\/wp\/v2\/pages\/1109\/revisions\/3713"}],"wp:attachment":[{"href":"https:\/\/topfly-aero.com\/index.php\/wp-json\/wp\/v2\/media?parent=1109"}],"curies":[{"name":"wp","href":"https:\/\/api.w.org\/{rel}","templated":true}]}}