{"id":5522,"date":"2020-07-10T16:49:27","date_gmt":"2020-07-10T14:49:27","guid":{"rendered":"https:\/\/topfly-aero.com\/?page_id=5522"},"modified":"2020-07-10T17:34:29","modified_gmt":"2020-07-10T15:34:29","slug":"qui-sommes-nous-2","status":"publish","type":"page","link":"https:\/\/topfly-aero.com\/index.php\/fr\/qui-sommes-nous-2\/","title":{"rendered":"Qui sommes nous ?"},"content":{"rendered":"<p>[et_pb_section fb_built=\u00a0\u00bb1&Prime; _builder_version=\u00a0\u00bb3.22&Prime; custom_padding=\u00a0\u00bb||0px|||\u00a0\u00bb][et_pb_row column_structure=\u00a0\u00bb1_2,1_2&Prime; _builder_version=\u00a0\u00bb4.4.8&Prime; custom_padding=\u00a0\u00bb||0px|||\u00a0\u00bb][et_pb_column type=\u00a0\u00bb1_2&Prime; _builder_version=\u00a0\u00bb4.4.8&Prime;][et_pb_text _builder_version=\u00a0\u00bb4.4.8&Prime;]<\/p>\n<p><strong><em>TopFly<\/em><\/strong> est une initiative priv\u00e9e dont le but est de faire d\u00e9couvrir, partager et enseigner au plus grand nombre la joie des \u00ab\u00a0<em>vols de r\u00eave\u00a0\u00bb<\/em> en planeur, en particulier en vol dynamique et en vol d&rsquo;onde, que Jean-Marie Cl\u00e9ment \u00e9tudiait d\u00e9j\u00e0 lors de ses \u00e9tudes d&rsquo;ing\u00e9nieur aux Arts et M\u00e9tiers en 1967, puis au Polytechnique de Turin avec le regrett\u00e9 Prof. Piero Morelli. En 1982, il r\u00e9alise le premier vol de 1 000 km en Europe, dans les Alpes et en onde. Dans les ann\u00e9es 1990, il met \u00ab\u00a0noir sur blanc\u00a0\u00bb ses techniques d&rsquo;analyse et d&rsquo;exploitation des syst\u00e8mes ondulatoires, qui font r\u00e9guli\u00e8rement l&rsquo;objet de conf\u00e9rences au sein des a\u00e9ro-clubs et de divulgations scientifiques aupr\u00e8s de l\u2019OSTIV depuis 1972. Ses d\u00e9couvertes sont constamment mises \u00e0 jour au fur et \u00e0 mesure des exp\u00e9riences applicatives, utilisant les progr\u00e8s technologiques en mati\u00e8re de calcul et de communication. Ce qui lui a permis de r\u00e9aliser, \u00e0 partir de 1998, des performances impensables jusque l\u00e0 en termes de distance et de vitesse, les deux \u00e9tant strictement corr\u00e9l\u00e9es, totalisant \u00e0 ce jour 6 records du monde et 29 records de France dont 6 r\u00e9alis\u00e9s dans les Alpes. Une vingtaine de ces records et grand nombre d&rsquo;autres vols de r\u00eave ont \u00e9t\u00e9 r\u00e9alis\u00e9s en planeur biplace, permettant donc de transmettre efficacement ses connaissances et de faire partager ses connaissances et ses \u00e9motions \u00e0 plus de 120 autres pilotes qui avouent souvent <em>\u00ab\u00a0avoir appris plus en ce vol de 10 heures qu&rsquo;en 10 ans d&rsquo;activit\u00e9 au sein du club\u00a0\u00bb<\/em>.\u00a0<\/p>\n<p>[\/et_pb_text][\/et_pb_column][et_pb_column type=\u00a0\u00bb1_2&Prime; _builder_version=\u00a0\u00bb4.4.8&Prime;][et_pb_image src=\u00a0\u00bbhttps:\/\/topfly-aero.com\/wp-content\/uploads\/2020\/07\/JMC4.jpg\u00a0\u00bb title_text=\u00a0\u00bbJMC4&Prime; _builder_version=\u00a0\u00bb4.4.8&Prime;][\/et_pb_image][\/et_pb_column][\/et_pb_row][et_pb_row column_structure=\u00a0\u00bb1_2,1_2&Prime; _builder_version=\u00a0\u00bb4.4.8&Prime; custom_padding=\u00a0\u00bb||10px|||\u00a0\u00bb][et_pb_column type=\u00a0\u00bb1_2&Prime; _builder_version=\u00a0\u00bb4.4.8&Prime;][et_pb_text _builder_version=\u00a0\u00bb4.4.8&Prime;]<\/p>\n<p>Les tarifs a\u00e9riens permettant de se rendre l\u00e0 o\u00f9 les conditions m\u00e9t\u00e9orologiques sont les meilleures du monde, <strong><em>TopFly<\/em><\/strong> organise r\u00e9guli\u00e8rement des exp\u00e9ditions dans la Cordill\u00e8re des Andes en Argentine et au Chili, ouvertes aux pilotes de tous niveaux, avec ou sans leur planeur personnel, le but \u00e9tant de rendre ces vols de r\u00eave accessibles au plus grand nombre.<\/p>\n<p>&nbsp;<\/p>\n<p><strong><em>TopFly<\/em><\/strong> n&rsquo;est pas une organisation \u00e0 but lucratif, son fonctionnement est bas\u00e9 sur le principe d&rsquo;une participation aux frais pour chaque exp\u00e9dition, en quelque sorte un \u00ab\u00a0<em>club itin\u00e9rant d\u00e9localis\u00e9\u00a0\u00bb<\/em>.<\/p>\n<p>[\/et_pb_text][\/et_pb_column][et_pb_column type=\u00a0\u00bb1_2&Prime; _builder_version=\u00a0\u00bb4.4.8&Prime;][et_pb_image src=\u00a0\u00bbhttps:\/\/topfly-aero.com\/wp-content\/uploads\/2020\/07\/Angioletto-auguri-.jpg\u00a0\u00bb title_text=\u00a0\u00bbAngioletto auguri\u00a0\u00bb _builder_version=\u00a0\u00bb4.4.8&Prime;][\/et_pb_image][\/et_pb_column][\/et_pb_row][et_pb_row column_structure=\u00a0\u00bb1_2,1_2&Prime; _builder_version=\u00a0\u00bb4.4.8&Prime; min_height=\u00a0\u00bb714px\u00a0\u00bb][et_pb_column type=\u00a0\u00bb1_2&Prime; _builder_version=\u00a0\u00bb4.4.8&Prime;][et_pb_image src=\u00a0\u00bbhttps:\/\/topfly-aero.com\/wp-content\/uploads\/2020\/07\/CONTENEUR-SORTIE-CAMION.jpg\u00a0\u00bb title_text=\u00a0\u00bbCONTENEUR SORTIE CAMION\u00a0\u00bb _builder_version=\u00a0\u00bb4.4.8&Prime;][\/et_pb_image][\/et_pb_column][et_pb_column type=\u00a0\u00bb1_2&Prime; _builder_version=\u00a0\u00bb4.4.8&Prime;][et_pb_image src=\u00a0\u00bbhttps:\/\/topfly-aero.com\/wp-content\/uploads\/2020\/07\/CONTENEUR-4-PLANEURS.jpg\u00a0\u00bb title_text=\u00a0\u00bbCONTENEUR 4 PLANEURS\u00a0\u00bb _builder_version=\u00a0\u00bb4.4.8&Prime;][\/et_pb_image][\/et_pb_column][\/et_pb_row][et_pb_row column_structure=\u00a0\u00bb1_2,1_2&Prime; _builder_version=\u00a0\u00bb4.4.8&Prime;][et_pb_column type=\u00a0\u00bb1_2&Prime; _builder_version=\u00a0\u00bb4.4.8&Prime;][et_pb_text _builder_version=\u00a0\u00bb4.4.8&Prime;]<\/p>\n<p><span style=\"color: #0c71c3;\"><em>La construction d\u2019un conteneur sp\u00e9cial auto-levant a permis d\u2019amener les planeurs dans des endroits d\u00e9pourvus de grue, directement sur la piste.<\/em><\/span><\/p>\n<p><span style=\"color: #0000ff;\"><em><span>\u00a0<\/span><\/em><\/span><\/p>\n<p>[\/et_pb_text][\/et_pb_column][et_pb_column type=\u00a0\u00bb1_2&Prime; _builder_version=\u00a0\u00bb4.4.8&Prime;][et_pb_text _builder_version=\u00a0\u00bb4.4.8&Prime;]<\/p>\n<p><span style=\"color: #0c71c3;\"><em>Ce conteneur est sp\u00e9cialement am\u00e9nag\u00e9 pou transporter 2 grands planeurs biplaces et 2 planeurs monoplace de 18 m, plus un grand nombre de caisses de pi\u00e8ces de rechange et d\u2019effets personnels.<\/em><\/span><\/p>\n<p><span style=\"color: #0000ff;\"><em><span>\u00a0<\/span><\/em><\/span><\/p>\n<p>[\/et_pb_text][\/et_pb_column][\/et_pb_row][et_pb_row _builder_version=\u00a0\u00bb4.4.8&Prime;][et_pb_column _builder_version=\u00a0\u00bb4.4.8&Prime; type=\u00a0\u00bb4_4&Prime;][et_pb_image src=\u00a0\u00bbhttps:\/\/topfly-aero.com\/wp-content\/uploads\/2020\/07\/200710-RECORDS-JMC.png\u00a0\u00bb _builder_version=\u00a0\u00bb4.4.8&Prime; title_text=\u00a0\u00bb200710 RECORDS JMC\u00a0\u00bb hover_enabled=\u00a0\u00bb0&Prime;][\/et_pb_image][\/et_pb_column][\/et_pb_row][\/et_pb_section]<\/p>\n","protected":false},"excerpt":{"rendered":"<p>TopFly est une initiative priv\u00e9e dont le but est de faire d\u00e9couvrir, partager et enseigner au plus grand nombre la joie des \u00ab\u00a0vols de r\u00eave\u00a0\u00bb en planeur, en particulier en vol dynamique et en vol d&rsquo;onde, que Jean-Marie Cl\u00e9ment \u00e9tudiait d\u00e9j\u00e0 lors de ses \u00e9tudes d&rsquo;ing\u00e9nieur aux Arts et M\u00e9tiers en 1967, puis au Polytechnique [&hellip;]<\/p>\n","protected":false},"author":1,"featured_media":0,"parent":0,"menu_order":0,"comment_status":"closed","ping_status":"closed","template":"","meta":{"_et_pb_use_builder":"on","_et_pb_old_content":"","_et_gb_content_width":"","footnotes":""},"class_list":["post-5522","page","type-page","status-publish","hentry"],"_links":{"self":[{"href":"https:\/\/topfly-aero.com\/index.php\/wp-json\/wp\/v2\/pages\/5522","targetHints":{"allow":["GET"]}}],"collection":[{"href":"https:\/\/topfly-aero.com\/index.php\/wp-json\/wp\/v2\/pages"}],"about":[{"href":"https:\/\/topfly-aero.com\/index.php\/wp-json\/wp\/v2\/types\/page"}],"author":[{"embeddable":true,"href":"https:\/\/topfly-aero.com\/index.php\/wp-json\/wp\/v2\/users\/1"}],"replies":[{"embeddable":true,"href":"https:\/\/topfly-aero.com\/index.php\/wp-json\/wp\/v2\/comments?post=5522"}],"version-history":[{"count":6,"href":"https:\/\/topfly-aero.com\/index.php\/wp-json\/wp\/v2\/pages\/5522\/revisions"}],"predecessor-version":[{"id":5538,"href":"https:\/\/topfly-aero.com\/index.php\/wp-json\/wp\/v2\/pages\/5522\/revisions\/5538"}],"wp:attachment":[{"href":"https:\/\/topfly-aero.com\/index.php\/wp-json\/wp\/v2\/media?parent=5522"}],"curies":[{"name":"wp","href":"https:\/\/api.w.org\/{rel}","templated":true}]}}